{"id":8471,"date":"2018-05-11T08:53:12","date_gmt":"2018-05-11T08:53:12","guid":{"rendered":"https:\/\/lawcounsel.radiantthemes.com\/\/?page_id=13"},"modified":"2022-02-06T20:36:06","modified_gmt":"2022-02-06T20:36:06","slug":"rreth-studios","status":"publish","type":"page","link":"https:\/\/mustafajlawfirm.com\/en\/rreth-studios\/","title":{"rendered":"About Us"},"content":{"rendered":"<div data-vc-full-width=\"true\" data-vc-full-width-init=\"false\" class=\"vc_row wpb_row vc_row-fluid background-position-center-top background-repeat-repeat-x vc_custom_1535439219109 vc_row-has-fill\"><div class=\"wpb_column vc_column_container vc_col-sm-6\"><div class=\"vc_column-inner vc_custom_1535439234596\"><div class=\"wpb_wrapper\">\n\t<div  class=\"wpb_single_image wpb_content_element vc_align_center  vc_custom_1642960308301\">\n\t\t\n\t\t<figure class=\"wpb_wrapper vc_figure\">\n\t\t\t<div class=\"vc_single_image-wrapper   vc_box_border_grey\"><img loading=\"lazy\" decoding=\"async\" width=\"1080\" height=\"720\" src=\"https:\/\/mustafajlawfirm.com\/wp-content\/uploads\/2022\/01\/3.jpg\" class=\"vc_single_image-img attachment-full\" alt=\"\" srcset=\"https:\/\/mustafajlawfirm.com\/wp-content\/uploads\/2022\/01\/3.jpg 1080w, https:\/\/mustafajlawfirm.com\/wp-content\/uploads\/2022\/01\/3-300x200.jpg 300w, https:\/\/mustafajlawfirm.com\/wp-content\/uploads\/2022\/01\/3-1024x683.jpg 1024w, https:\/\/mustafajlawfirm.com\/wp-content\/uploads\/2022\/01\/3-768x512.jpg 768w, https:\/\/mustafajlawfirm.com\/wp-content\/uploads\/2022\/01\/3-18x12.jpg 18w, https:\/\/mustafajlawfirm.com\/wp-content\/uploads\/2022\/01\/3-600x400.jpg 600w\" sizes=\"auto, (max-width: 1080px) 100vw, 1080px\" \/><\/div>\n\t\t<\/figure>\n\t<\/div>\n<\/div><\/div><\/div><div class=\"wpb_column vc_column_container vc_col-sm-6\"><div class=\"vc_column-inner vc_custom_1535439852772\"><div class=\"wpb_wrapper\"><div class=\"vc_empty_space\"   style=\"height: 32px\"><span class=\"vc_empty_space_inner\"><\/span><\/div>\n\t<div class=\"wpb_text_column wpb_content_element  vc_custom_1642961575351\" >\n\t\t<div class=\"wpb_wrapper\">\n\t\t\t<p>Founded in 2022 by Prof. Dr. Ilir Mustafaj, Mustafaj Law Firm offers to its clients assistance and multidisciplinary judicial and extrajudicial advice.<\/p>\n\n\t\t<\/div>\n\t<\/div>\n\n\t<div class=\"wpb_text_column wpb_content_element  vc_custom_1642961585680\" >\n\t\t<div class=\"wpb_wrapper\">\n\t\t\t<p>Thanks to the long experience of 25 years in the academic and judicial sector of its founder Prof. Dr. Ilir Mustafaj and the academic and professional experience of the members of the Law Firm, Mustafaj Law Firm is characterized by very high standards offered in the assistance and defense, in every state and level of judgment before any judicial body, ordinary or special, civil, administrative or penal.<\/p>\n\n\t\t<\/div>\n\t<\/div>\n<\/div><\/div><\/div><div class=\"wpb_column vc_column_container vc_col-sm-12\"><div class=\"vc_column-inner\"><div class=\"wpb_wrapper\"><\/div><\/div><\/div><div class=\"wpb_column vc_column_container vc_col-sm-12\"><div class=\"vc_column-inner\"><div class=\"wpb_wrapper\"><\/div><\/div><\/div><div class=\"wpb_column vc_column_container vc_col-sm-12\"><div class=\"vc_column-inner\"><div class=\"wpb_wrapper\"><\/div><\/div><\/div><\/div><div class=\"vc_row-full-width vc_clearfix\"><\/div><div data-vc-full-width=\"true\" data-vc-full-width-init=\"false\" class=\"vc_row wpb_row vc_row-fluid vc_custom_1535439927692\"><div class=\"wpb_column vc_column_container vc_col-sm-1\"><div class=\"vc_column-inner vc_custom_1527485279965\"><div class=\"wpb_wrapper\"><\/div><\/div><\/div><div class=\"wpb_column vc_column_container vc_col-sm-10\"><div class=\"vc_column-inner vc_custom_1529644249865\"><div class=\"wpb_wrapper\"><h4 style=\"text-align: center\" class=\"vc_custom_heading vc_custom_1639486698166\" >PRACTICE AREAS<\/h4>\n\t<div class=\"wpb_text_column wpb_content_element  vc_custom_1642960401915\" >\n\t\t<div class=\"wpb_wrapper\">\n\t\t\t<p style=\"text-align: center;\">It offers legal assistance to individuals and businesses, credit and banking institutions, insurance companies in all areas of civil, administrative and criminal law.<\/p>\n\n\t\t<\/div>\n\t<\/div>\n<\/div><\/div><\/div><div class=\"wpb_column vc_column_container vc_col-sm-1\"><div class=\"vc_column-inner\"><div class=\"wpb_wrapper\"><\/div><\/div><\/div><\/div><div class=\"vc_row-full-width vc_clearfix\"><\/div><div class=\"vc_row wpb_row vc_row-fluid vc_custom_1527495220242 vc_row-o-equal-height vc_row-flex\"><div class=\"wpb_column vc_column_container vc_col-sm-12 vc_col-lg-6 vc_col-md-6 vc_col-xs-12 vc_col-has-fill\"><div class=\"vc_column-inner vc_custom_1534842205049\"><div class=\"wpb_wrapper\"><div class=\"vc_row wpb_row vc_inner vc_row-fluid background-position-left-top vc_custom_1642793557878 vc_row-has-fill\"><div class=\"wpb_column vc_column_container vc_col-sm-12\"><div class=\"vc_column-inner vc_custom_1534842067615\"><div class=\"wpb_wrapper\"><h4 style=\"font-size: 24px;line-height: 35px;text-align: left\" class=\"vc_custom_heading vc_custom_1639486599966\" >Civil Law<\/h4><\/div><\/div><\/div><\/div><div class=\"vc_row wpb_row vc_inner vc_row-fluid background-position-left-top vc_custom_1642793586338 vc_row-has-fill\"><div class=\"wpb_column vc_column_container vc_col-sm-12\"><div class=\"vc_column-inner vc_custom_1534842067615\"><div class=\"wpb_wrapper\"><h4 style=\"font-size: 22px;line-height: 35px;text-align: left\" class=\"vc_custom_heading vc_custom_1644179756670\" >Administrative Law<\/h4><\/div><\/div><\/div><\/div><div class=\"vc_row wpb_row vc_inner vc_row-fluid background-position-left-top vc_custom_1642961482863 vc_row-has-fill\"><div class=\"wpb_column vc_column_container vc_col-sm-12\"><div class=\"vc_column-inner vc_custom_1534842067615\"><div class=\"wpb_wrapper\"><h4 style=\"font-size: 24px;line-height: 35px;text-align: left\" class=\"vc_custom_heading vc_custom_1639486619329\" >Criminal Law<\/h4><\/div><\/div><\/div><\/div><div class=\"vc_row wpb_row vc_inner vc_row-fluid background-position-left-top vc_custom_1642961425320 vc_row-has-fill\"><div class=\"wpb_column vc_column_container vc_col-sm-12\"><div class=\"vc_column-inner vc_custom_1534842067615\"><div class=\"wpb_wrapper\"><h4 style=\"font-size: 24px;line-height: 35px;text-align: left\" class=\"vc_custom_heading vc_custom_1642961214062\" >Legal Training Courses<\/h4><\/div><\/div><\/div><\/div><\/div><\/div><\/div><div class=\"wpb_column vc_column_container vc_col-sm-12 vc_col-lg-6 vc_col-md-6 vc_col-xs-12 vc_col-has-fill\"><div class=\"vc_column-inner vc_custom_1529643986375\"><div class=\"wpb_wrapper\"><div class=\"vc_empty_space\"   style=\"height: 100px\"><span class=\"vc_empty_space_inner\"><\/span><\/div>\n\t<div  class=\"wpb_single_image wpb_content_element vc_align_center  vc_custom_1642961641580  full-width-image\">\n\t\t\n\t\t<figure class=\"wpb_wrapper vc_figure\">\n\t\t\t<div class=\"vc_single_image-wrapper   vc_box_border_grey\"><img loading=\"lazy\" decoding=\"async\" width=\"2048\" height=\"1365\" src=\"https:\/\/mustafajlawfirm.com\/wp-content\/uploads\/2022\/01\/IMG_4385-1.jpg\" class=\"vc_single_image-img attachment-full\" alt=\"\" srcset=\"https:\/\/mustafajlawfirm.com\/wp-content\/uploads\/2022\/01\/IMG_4385-1.jpg 2048w, https:\/\/mustafajlawfirm.com\/wp-content\/uploads\/2022\/01\/IMG_4385-1-300x200.jpg 300w, https:\/\/mustafajlawfirm.com\/wp-content\/uploads\/2022\/01\/IMG_4385-1-1024x683.jpg 1024w, https:\/\/mustafajlawfirm.com\/wp-content\/uploads\/2022\/01\/IMG_4385-1-768x512.jpg 768w, https:\/\/mustafajlawfirm.com\/wp-content\/uploads\/2022\/01\/IMG_4385-1-1536x1024.jpg 1536w, https:\/\/mustafajlawfirm.com\/wp-content\/uploads\/2022\/01\/IMG_4385-1-18x12.jpg 18w, https:\/\/mustafajlawfirm.com\/wp-content\/uploads\/2022\/01\/IMG_4385-1-600x400.jpg 600w\" sizes=\"auto, (max-width: 2048px) 100vw, 2048px\" \/><\/div>\n\t\t<\/figure>\n\t<\/div>\n<\/div><\/div><\/div><\/div><div class=\"vc_row wpb_row vc_row-fluid vc_custom_1527506822591\"><div class=\"wpb_column vc_column_container vc_col-sm-12\"><div class=\"vc_column-inner vc_custom_1527485279965\"><div class=\"wpb_wrapper\"><div class=\"vc_row wpb_row vc_inner vc_row-fluid vc_custom_1529644079663\"><div class=\"wpb_column vc_column_container vc_col-sm-1\"><div class=\"vc_column-inner\"><div class=\"wpb_wrapper\"><\/div><\/div><\/div><div class=\"wpb_column vc_column_container vc_col-sm-10\"><div class=\"vc_column-inner vc_custom_1529644089670\"><div class=\"wpb_wrapper\"><h4 style=\"text-align: center\" class=\"vc_custom_heading vc_custom_1639486668912\" >OUR STAFF<\/h4>\n\t<div class=\"wpb_text_column wpb_content_element  vc_custom_1642960253142\" >\n\t\t<div class=\"wpb_wrapper\">\n\t\t\t<p style=\"text-align: center;\">Mustafaj Law Firm staff has multidisciplinary training and specific competencies in the areas of expertise where it operates. With strong relations with the academic world in the main Albanian and foreign universities, the Studio is able to meet the increasingly complex requirements of clients by offering legal training courses.<\/p>\n\n\t\t<\/div>\n\t<\/div>\n<\/div><\/div><\/div><div class=\"wpb_column vc_column_container vc_col-sm-1\"><div class=\"vc_column-inner\"><div class=\"wpb_wrapper\"><\/div><\/div><\/div><\/div><div class=\"vc_row wpb_row vc_inner vc_row-fluid vc_custom_1529644079663\"><div class=\"wpb_column vc_column_container vc_col-sm-1\"><div class=\"vc_column-inner\"><div class=\"wpb_wrapper\"><\/div><\/div><\/div><div class=\"wpb_column vc_column_container vc_col-sm-10\"><div class=\"vc_column-inner vc_custom_1529644089670\"><div class=\"wpb_wrapper\">\r<!-- attorneys -->\r<div class=\"attorneys element-four\"   data-row-items=\"1\"\"><!-- attorneys-item -->\r<div class=\"attorneys-item matchHeight\" ><div class=\"holder\"><div class=\"pic\"><img loading=\"lazy\" decoding=\"async\" src=\"https:\/\/mustafajlawfirm.com\/wp-content\/plugins\/radiantthemes-addons\/attorneys\/images\/blank-image-100x100.png\" alt=\"Blank Image\" width=\"100\" height=\"100\"><div class=\"pic-background\"><\/div><a class=\"pic-main\" href=\"https:\/\/mustafajlawfirm.com\/en\/attorneys\/prof-dr-ilir-mustafaj\/\" style=\"background-image:url(https:\/\/mustafajlawfirm.com\/wp-content\/uploads\/2018\/06\/5-819x1024.jpg);\"><\/a><a class=\"pic-overlay\" href=\"https:\/\/mustafajlawfirm.com\/en\/attorneys\/prof-dr-ilir-mustafaj\/\"><\/a><\/div><div class=\"data\"><p class=\"title\"><a href=\"https:\/\/mustafajlawfirm.com\/en\/attorneys\/prof-dr-ilir-mustafaj\/\">Prof. Dr. Ilir Mustafaj<\/a><\/p><ul class=\"social\"><\/ul><\/div><\/div><\/div><!-- attorneys-item -->\r<\/div>\r<!-- attorneys -->\r<\/div><\/div><\/div><div class=\"wpb_column vc_column_container vc_col-sm-1\"><div class=\"vc_column-inner\"><div class=\"wpb_wrapper\"><\/div><\/div><\/div><\/div><\/div><\/div><\/div><\/div>","protected":false},"excerpt":{"rendered":"Profile Botime Prof. Dr. Ilir Mustafaj Prof. Dr. Ilir Mustafaj, ka p\u00ebrfunduar studimet e larta si jurist me rezultate t\u00eb shk\u00eblqyera (medalje e art\u00eb) n\u00eb Fakultetin e Drejt\u00ebsis\u00eb, Universiteti i Tiran\u00ebs, n\u00eb periudh\u00ebn 1992 \u2013 1996. Ai ka nj\u00eb eksperienc\u00eb 25 vje\u00e7are n\u00eb Sistemin e Drejt\u00ebsis\u00eb si gjyqtar n\u00eb Gjykat\u00ebn e Rrethit Gjyq\u00ebsor Tiran\u00eb. - [...]","protected":false},"author":1,"featured_media":0,"parent":0,"menu_order":0,"comment_status":"closed","ping_status":"closed","template":"","meta":{"footnotes":""},"class_list":["post-8471","page","type-page","status-publish","hentry"],"aioseo_notices":[],"_links":{"self":[{"href":"https:\/\/mustafajlawfirm.com\/en\/wp-json\/wp\/v2\/pages\/8471","targetHints":{"allow":["GET"]}}],"collection":[{"href":"https:\/\/mustafajlawfirm.com\/en\/wp-json\/wp\/v2\/pages"}],"about":[{"href":"https:\/\/mustafajlawfirm.com\/en\/wp-json\/wp\/v2\/types\/page"}],"author":[{"embeddable":true,"href":"https:\/\/mustafajlawfirm.com\/en\/wp-json\/wp\/v2\/users\/1"}],"replies":[{"embeddable":true,"href":"https:\/\/mustafajlawfirm.com\/en\/wp-json\/wp\/v2\/comments?post=8471"}],"version-history":[{"count":18,"href":"https:\/\/mustafajlawfirm.com\/en\/wp-json\/wp\/v2\/pages\/8471\/revisions"}],"predecessor-version":[{"id":8800,"href":"https:\/\/mustafajlawfirm.com\/en\/wp-json\/wp\/v2\/pages\/8471\/revisions\/8800"}],"wp:attachment":[{"href":"https:\/\/mustafajlawfirm.com\/en\/wp-json\/wp\/v2\/media?parent=8471"}],"curies":[{"name":"wp","href":"https:\/\/api.w.org\/{rel}","templated":true}]}}