{"id":8027,"date":"2018-06-25T05:08:17","date_gmt":"2018-06-25T05:08:17","guid":{"rendered":"https:\/\/lawcounsel.radiantthemes.com\/\/?page_id=8027"},"modified":"2022-02-06T20:23:39","modified_gmt":"2022-02-06T20:23:39","slug":"sherbimet","status":"publish","type":"page","link":"https:\/\/mustafajlawfirm.com\/en\/sherbimet\/","title":{"rendered":"Services"},"content":{"rendered":"<section data-vc-full-width=\"true\" data-vc-full-width-init=\"false\" class=\"vc_section background-position-center-top background-repeat-repeat-x vc_custom_1535357922930 vc_section-has-fill\"><div data-vc-full-width=\"true\" data-vc-full-width-init=\"false\" class=\"vc_row wpb_row vc_row-fluid vc_custom_1535358606992 vc_row-o-equal-height vc_row-o-content-middle vc_row-flex\"><div class=\"wpb_column vc_column_container vc_col-sm-4 vc_col-has-fill\"><div class=\"vc_column-inner vc_custom_1643230645073\"><div class=\"wpb_wrapper\"><h2 style=\"font-size: 23px;line-height: 41px;text-align: left\" class=\"vc_custom_heading letter-spacing--1 vc_custom_1643231384840\" >High professional competence, ethics, communication, integrity and loyalty are the characteristics that distinguish us.<\/h2><\/div><\/div><\/div><div class=\"wpb_column vc_column_container vc_col-sm-8\"><div class=\"vc_column-inner vc_custom_1534573298733\"><div class=\"wpb_wrapper\">\n\t<div class=\"wpb_text_column wpb_content_element  vc_custom_1643230568948\" >\n\t\t<div class=\"wpb_wrapper\">\n\t\t\t<p>Mustafaj Law Firm is characterized by very high standards offered in assistance and defense, in any state and degree of trial before any judicial body, ordinary or special, civil, administrative, or criminal.<\/p>\n\n\t\t<\/div>\n\t<\/div>\n<\/div><\/div><\/div><\/div><div class=\"vc_row-full-width vc_clearfix\"><\/div><div data-vc-full-width=\"true\" data-vc-full-width-init=\"false\" class=\"vc_row wpb_row vc_row-fluid vc_custom_1535359865739\"><div class=\"wpb_animate_when_almost_visible wpb_fadeInUp fadeInUp wpb_column vc_column_container vc_col-sm-3 vc_col-has-fill\"><div class=\"vc_column-inner vc_custom_1644102320952\"><div class=\"wpb_wrapper\"><div class=\"vc_row wpb_row vc_inner vc_row-fluid vc_custom_1643924864494 vc_row-has-fill\"><div class=\"wpb_column vc_column_container vc_col-sm-12\"><div class=\"vc_column-inner vc_custom_1643925360305\"><div class=\"wpb_wrapper\"><h3 style=\"font-size: 22px;line-height: 28px;text-align: left\" class=\"vc_custom_heading vc_custom_1643236100914\" >Civil Law<\/h3><\/div><\/div><\/div><\/div><\/div><\/div><\/div><div class=\"wpb_animate_when_almost_visible wpb_fadeInUp fadeInUp wpb_column vc_column_container vc_col-sm-3 vc_col-has-fill\"><div class=\"vc_column-inner vc_custom_1644165792814\"><div class=\"wpb_wrapper\"><div class=\"vc_row wpb_row vc_inner vc_row-fluid vc_custom_1643924888787 vc_row-has-fill\"><div class=\"wpb_column vc_column_container vc_col-sm-12\"><div class=\"vc_column-inner vc_custom_1535358431886\"><div class=\"wpb_wrapper\"><h3 style=\"font-size: 22px;line-height: 28px;text-align: left\" class=\"vc_custom_heading vc_custom_1643236117997\" >Administrative Law<\/h3><\/div><\/div><\/div><\/div><\/div><\/div><\/div><div class=\"wpb_animate_when_almost_visible wpb_fadeInUp fadeInUp wpb_column vc_column_container vc_col-sm-3 vc_col-has-fill\"><div class=\"vc_column-inner vc_custom_1644165803116\"><div class=\"wpb_wrapper\"><div class=\"vc_row wpb_row vc_inner vc_row-fluid vc_custom_1644102158348 vc_row-has-fill\"><div class=\"wpb_column vc_column_container vc_col-sm-12\"><div class=\"vc_column-inner vc_custom_1644178641327\"><div class=\"wpb_wrapper\"><h3 style=\"font-size: 22px;line-height: 28px;text-align: left\" class=\"vc_custom_heading vc_custom_1643236140600\" >Criminal Law<\/h3><\/div><\/div><\/div><\/div><\/div><\/div><\/div><div class=\"wpb_animate_when_almost_visible wpb_fadeInUp fadeInUp wpb_column vc_column_container vc_col-sm-3 vc_col-has-fill\"><div class=\"vc_column-inner vc_custom_1644165828277\"><div class=\"wpb_wrapper\"><div class=\"vc_row wpb_row vc_inner vc_row-fluid vc_custom_1643924934120 vc_row-has-fill\"><div class=\"wpb_column vc_column_container vc_col-sm-12\"><div class=\"vc_column-inner vc_custom_1535358431886\"><div class=\"wpb_wrapper\"><h3 style=\"font-size: 22px;line-height: 28px;text-align: left\" class=\"vc_custom_heading vc_custom_1643236156396\" >Legal Training Courses<\/h3><\/div><\/div><\/div><\/div><\/div><\/div><\/div><\/div><div class=\"vc_row-full-width vc_clearfix\"><\/div><div data-vc-full-width=\"true\" data-vc-full-width-init=\"false\" class=\"vc_row wpb_row vc_row-fluid background-position-center-top vc_custom_1644169448678 vc_row-has-fill\"><div class=\"wpb_column vc_column_container vc_col-sm-12\"><div class=\"vc_column-inner vc_custom_1534748399544\"><div class=\"wpb_wrapper\">\n\t<div class=\"wpb_text_column wpb_content_element  wpb_animate_when_almost_visible wpb_fadeInLeft fadeInLeft vc_custom_1644169580942 background-position-left-top\" >\n\t\t<div class=\"wpb_wrapper\">\n\t\t\t<h5 class=\"translation-block\"><span style=\"color: #ffffff\">We want to maintain with our clients a long-lasting relationship based on mutual trust, that\u2019s why high professional competence, ethics, communication, integrity and loyalty are the characteristics that distinguish us.<\/span><\/h5>\n\n\t\t<\/div>\n\t<\/div>\n<div style=\"font-size: 18px;color: #000000;line-height: 28px;text-align: left\" class=\"vc_custom_heading font-weight-medium wpb_animate_when_almost_visible wpb_fadeInLeft fadeInLeft vc_custom_1644169601997\" >-Prof. Dr. Ilir Mustafaj<\/div><\/div><\/div><\/div><\/div><div class=\"vc_row-full-width vc_clearfix\"><\/div><div data-vc-full-width=\"true\" data-vc-full-width-init=\"false\" class=\"vc_row wpb_row vc_row-fluid vc_custom_1644170324566\"><div class=\"wpb_column vc_column_container vc_col-sm-1\"><div class=\"vc_column-inner vc_custom_1534489075137\"><div class=\"wpb_wrapper\"><\/div><\/div><\/div><div class=\"wpb_column vc_column_container vc_col-sm-10\"><div class=\"vc_column-inner vc_custom_1534489084866\"><div class=\"wpb_wrapper\"><h2 style=\"font-size: 30px;line-height: 40px;text-align: center\" class=\"vc_custom_heading vc_custom_1643839215578\" >Services<\/h2><\/div><\/div><\/div><div class=\"wpb_column vc_column_container vc_col-sm-1\"><div class=\"vc_column-inner vc_custom_1534489097011\"><div class=\"wpb_wrapper\"><\/div><\/div><\/div><\/div><div class=\"vc_row-full-width vc_clearfix\"><\/div><div data-vc-full-width=\"true\" data-vc-full-width-init=\"false\" class=\"vc_row wpb_row vc_row-fluid wpb_animate_when_almost_visible wpb_fadeInUp fadeInUp vc_custom_1644102476274 vc_column-gap-30 vc_row-o-equal-height vc_row-flex\"><div class=\"wpb_animate_when_almost_visible wpb_fadeInUp fadeInUp wpb_column vc_column_container vc_col-sm-4 vc_col-has-fill\"><div class=\"vc_column-inner vc_custom_1535441191354\"><div class=\"wpb_wrapper\">\n\t<div  class=\"wpb_single_image wpb_content_element vc_align_center  vc_custom_1643839152217\">\n\t\t\n\t\t<figure class=\"wpb_wrapper vc_figure\">\n\t\t\t<div class=\"vc_single_image-wrapper   vc_box_border_grey\"><img loading=\"lazy\" decoding=\"async\" width=\"90\" height=\"90\" src=\"https:\/\/mustafajlawfirm.com\/wp-content\/uploads\/2018\/08\/Home-1-Recommended-Lawyers-Icon.png\" class=\"vc_single_image-img attachment-full\" alt=\"Home-1-Recommended-Lawyers-Icon\" \/><\/div>\n\t\t<\/figure>\n\t<\/div>\n<h4 style=\"font-size: 25px;line-height: 35px;text-align: center\" class=\"vc_custom_heading vc_custom_1644103818354\" ><a href=\"https:\/\/mustafajlawfirm.com\/en\/practice-areas\/kontratat\/\" target=\"_blank\" title=\"Contracts\">Contracts<\/a><\/h4>\n\t<div class=\"wpb_text_column wpb_content_element  vc_custom_1644103646391\" >\n\t\t<div class=\"wpb_wrapper\">\n\t\t\t<p style=\"text-align: center;\">Offers its experiences and expertise in assisting companies and private entities in the preparation, negotiation and drafting of various types of contracts.<\/p>\n\n\t\t<\/div>\n\t<\/div>\n<\/div><\/div><\/div><div class=\"wpb_animate_when_almost_visible wpb_fadeInUp fadeInUp wpb_column vc_column_container vc_col-sm-4 vc_col-has-fill\"><div class=\"vc_column-inner vc_custom_1535451623623\"><div class=\"wpb_wrapper\">\n\t<div  class=\"wpb_single_image wpb_content_element vc_align_center  vc_custom_1643838706307\">\n\t\t\n\t\t<figure class=\"wpb_wrapper vc_figure\">\n\t\t\t<div class=\"vc_single_image-wrapper   vc_box_border_grey\"><img loading=\"lazy\" decoding=\"async\" width=\"90\" height=\"90\" src=\"https:\/\/mustafajlawfirm.com\/wp-content\/uploads\/2018\/08\/Construction-Law-Icon.png\" class=\"vc_single_image-img attachment-full\" alt=\"Construction-Law-Icon\" \/><\/div>\n\t\t<\/figure>\n\t<\/div>\n<h4 style=\"font-size: 25px;line-height: 35px;text-align: center\" class=\"vc_custom_heading vc_custom_1644103839938\" ><a href=\"https:\/\/mustafajlawfirm.com\/en\/practice-areas\/e-drejta-tregtare-dhe-e-korporatave\/\" target=\"_blank\" title=\"Commercial and Corporate Law\">Commercial and Corporate Law<\/a><\/h4>\n\t<div class=\"wpb_text_column wpb_content_element  vc_custom_1644103762378\" >\n\t\t<div class=\"wpb_wrapper\">\n\t\t\t<p style=\"text-align: center;\">Offers companies legal advice, right from the constitution phase and throughout the life of the company.<\/p>\n\n\t\t<\/div>\n\t<\/div>\n<\/div><\/div><\/div><div class=\"wpb_animate_when_almost_visible wpb_fadeInUp fadeInUp wpb_column vc_column_container vc_col-sm-4 vc_col-has-fill\"><div class=\"vc_column-inner vc_custom_1535441206913\"><div class=\"wpb_wrapper\">\n\t<div  class=\"wpb_single_image wpb_content_element vc_align_center  vc_custom_1535441227946\">\n\t\t\n\t\t<figure class=\"wpb_wrapper vc_figure\">\n\t\t\t<div class=\"vc_single_image-wrapper   vc_box_border_grey\"><img loading=\"lazy\" decoding=\"async\" width=\"90\" height=\"90\" src=\"https:\/\/mustafajlawfirm.com\/wp-content\/uploads\/2018\/08\/Family-Law-Icon-2.png\" class=\"vc_single_image-img attachment-full\" alt=\"Family-Law-Icon\" \/><\/div>\n\t\t<\/figure>\n\t<\/div>\n<h4 style=\"font-size: 25px;line-height: 35px;text-align: center\" class=\"vc_custom_heading vc_custom_1644104840141\" ><a href=\"https:\/\/mustafajlawfirm.com\/en\/practice-areas\/e-drejta-familjare\/\" target=\"_blank\" title=\"Family Law\">Family Law<\/a><\/h4>\n\t<div class=\"wpb_text_column wpb_content_element  vc_custom_1644103789724\" >\n\t\t<div class=\"wpb_wrapper\">\n\t\t\t<p style=\"text-align: center;\">Owns a consolidated experience in family law, with particular reference to the relationships between parents and children, personal etc.<\/p>\n\n\t\t<\/div>\n\t<\/div>\n<\/div><\/div><\/div><\/div><div class=\"vc_row-full-width vc_clearfix\"><\/div><div data-vc-full-width=\"true\" data-vc-full-width-init=\"false\" class=\"vc_row wpb_row vc_row-fluid vc_custom_1644102486900 vc_column-gap-30 vc_row-o-equal-height vc_row-flex\"><div class=\"wpb_animate_when_almost_visible wpb_fadeInUp fadeInUp wpb_column vc_column_container vc_col-sm-4 vc_col-has-fill\"><div class=\"vc_column-inner vc_custom_1535441260836\"><div class=\"wpb_wrapper\">\n\t<div  class=\"wpb_single_image wpb_content_element vc_align_center  vc_custom_1643838961724\">\n\t\t\n\t\t<figure class=\"wpb_wrapper vc_figure\">\n\t\t\t<div class=\"vc_single_image-wrapper   vc_box_border_grey\"><img loading=\"lazy\" decoding=\"async\" class=\"vc_single_image-img\" src=\"https:\/\/mustafajlawfirm.com\/wp-content\/uploads\/2018\/08\/Join-Our-Team-Icon.png\" width=\"88\" height=\"88\" alt=\"Join-Our-Team-Icon\" title=\"Join-Our-Team-Icon\" \/><\/div>\n\t\t<\/figure>\n\t<\/div>\n<h4 style=\"font-size: 25px;line-height: 35px;text-align: center\" class=\"vc_custom_heading vc_custom_1644104884346\" ><a href=\"https:\/\/mustafajlawfirm.com\/en\/practice-areas\/e-drejta-e-trashegimise\/\" target=\"_blank\" title=\"Inheritance Law\">Inheritance Law<\/a><\/h4>\n\t<div class=\"wpb_text_column wpb_content_element  vc_custom_1644105007488\" >\n\t\t<div class=\"wpb_wrapper\">\n\t\t\t<p style=\"text-align: center;\">Mustafaj Law Firm deals with all issues related to the law of succession.<\/p>\n\n\t\t<\/div>\n\t<\/div>\n<\/div><\/div><\/div><div class=\"wpb_animate_when_almost_visible wpb_fadeInUp fadeInUp wpb_column vc_column_container vc_col-sm-4 vc_col-has-fill\"><div class=\"vc_column-inner vc_custom_1535451629320\"><div class=\"wpb_wrapper\">\n\t<div  class=\"wpb_single_image wpb_content_element vc_align_center  vc_custom_1643838806537\">\n\t\t\n\t\t<figure class=\"wpb_wrapper vc_figure\">\n\t\t\t<div class=\"vc_single_image-wrapper   vc_box_border_grey\"><img loading=\"lazy\" decoding=\"async\" width=\"80\" height=\"80\" src=\"https:\/\/mustafajlawfirm.com\/wp-content\/uploads\/2018\/08\/REPUTATION-Icon.png\" class=\"vc_single_image-img attachment-full\" alt=\"REPUTATION-Icon\" \/><\/div>\n\t\t<\/figure>\n\t<\/div>\n<h4 style=\"font-size: 25px;line-height: 35px;text-align: center\" class=\"vc_custom_heading vc_custom_1644104952848\" ><a href=\"https:\/\/mustafajlawfirm.com\/en\/practice-areas\/e-drejta-e-pronesise\/\" target=\"_blank\" title=\"Property Law\">Property Law<\/a><\/h4>\n\t<div class=\"wpb_text_column wpb_content_element  vc_custom_1644104974889\" >\n\t\t<div class=\"wpb_wrapper\">\n\t\t\t<p style=\"text-align: center;\">Offers a solid expertise in property law, providing legal advice and litigation and pre-litigation proceedings assistance.<\/p>\n\n\t\t<\/div>\n\t<\/div>\n<\/div><\/div><\/div><div class=\"wpb_animate_when_almost_visible wpb_fadeInUp fadeInUp wpb_column vc_column_container vc_col-sm-4 vc_col-has-fill\"><div class=\"vc_column-inner vc_custom_1535441273754\"><div class=\"wpb_wrapper\">\n\t<div  class=\"wpb_single_image wpb_content_element vc_align_center  vc_custom_1643838730103\">\n\t\t\n\t\t<figure class=\"wpb_wrapper vc_figure\">\n\t\t\t<div class=\"vc_single_image-wrapper   vc_box_border_grey\"><img loading=\"lazy\" decoding=\"async\" width=\"80\" height=\"80\" src=\"https:\/\/mustafajlawfirm.com\/wp-content\/uploads\/2018\/06\/Financial-Audit-Icon.png\" class=\"vc_single_image-img attachment-full\" alt=\"Financial-Audit-Icon\" \/><\/div>\n\t\t<\/figure>\n\t<\/div>\n<h4 style=\"font-size: 25px;line-height: 35px;text-align: center\" class=\"vc_custom_heading vc_custom_1644105073055\" ><a href=\"https:\/\/mustafajlawfirm.com\/en\/practice-areas\/e-drejta-bankare-sigurimeve-dhe-financiare\/\" target=\"_blank\" title=\"Banking, Insurance &amp; Financial Law\">Banking, Insurance &amp; Financial Law<\/a><\/h4>\n\t<div class=\"wpb_text_column wpb_content_element  vc_custom_1644105101516\" >\n\t\t<div class=\"wpb_wrapper\">\n\t\t\t<p style=\"text-align: center;\">Provides judicial and extrajudicial assistance and consultancy for banking and insurance institutions.<\/p>\n\n\t\t<\/div>\n\t<\/div>\n<\/div><\/div><\/div><\/div><div class=\"vc_row-full-width vc_clearfix\"><\/div><div data-vc-full-width=\"true\" data-vc-full-width-init=\"false\" class=\"vc_row wpb_row vc_row-fluid vc_custom_1535440629653 vc_column-gap-30 vc_row-o-equal-height vc_row-flex\"><div class=\"wpb_animate_when_almost_visible wpb_fadeInUp fadeInUp wpb_column vc_column_container vc_col-sm-4 vc_col-has-fill\"><div class=\"vc_column-inner vc_custom_1535441260836\"><div class=\"wpb_wrapper\">\n\t<div  class=\"wpb_single_image wpb_content_element vc_align_center  vc_custom_1643838912372\">\n\t\t\n\t\t<figure class=\"wpb_wrapper vc_figure\">\n\t\t\t<div class=\"vc_single_image-wrapper   vc_box_border_grey\"><img loading=\"lazy\" decoding=\"async\" width=\"100\" height=\"100\" src=\"https:\/\/mustafajlawfirm.com\/wp-content\/uploads\/2018\/08\/Personal-Injury-Icon.png\" class=\"vc_single_image-img attachment-full\" alt=\"Personal-Injury-Icon\" \/><\/div>\n\t\t<\/figure>\n\t<\/div>\n<h4 style=\"font-size: 25px;line-height: 35px;text-align: center\" class=\"vc_custom_heading vc_custom_1644105134298\" ><a href=\"https:\/\/mustafajlawfirm.com\/en\/practice-areas\/e-drejta-e-punes-dhe-e-sigurimeve-shoqerore\/\" target=\"_blank\" title=\"Labor and Social Insurance Law\">Labor and Social Insurance Law<\/a><\/h4>\n\t<div class=\"wpb_text_column wpb_content_element  vc_custom_1644105168859\" >\n\t\t<div class=\"wpb_wrapper\">\n\t\t\t<p style=\"text-align: center;\">The consultancy is aimed at providing customers, workers and companies with answers suited to specific needs, guaranteeing effective solutions.<\/p>\n\n\t\t<\/div>\n\t<\/div>\n<\/div><\/div><\/div><div class=\"wpb_animate_when_almost_visible wpb_fadeInUp fadeInUp wpb_column vc_column_container vc_col-sm-4 vc_col-has-fill\"><div class=\"vc_column-inner vc_custom_1535451629320\"><div class=\"wpb_wrapper\">\n\t<div  class=\"wpb_single_image wpb_content_element vc_align_center  vc_custom_1643838847638\">\n\t\t\n\t\t<figure class=\"wpb_wrapper vc_figure\">\n\t\t\t<div class=\"vc_single_image-wrapper   vc_box_border_grey\"><img loading=\"lazy\" decoding=\"async\" width=\"100\" height=\"100\" src=\"https:\/\/mustafajlawfirm.com\/wp-content\/uploads\/2018\/08\/Business-Law-Icon-1.png\" class=\"vc_single_image-img attachment-full\" alt=\"Business-Law-Icon\" \/><\/div>\n\t\t<\/figure>\n\t<\/div>\n<h4 style=\"font-size: 25px;line-height: 35px;text-align: center\" class=\"vc_custom_heading vc_custom_1644105250883\" ><a href=\"https:\/\/mustafajlawfirm.com\/en\/practice-areas\/pergjegjesia-civile-dhe-kompesimi-i-demit\/\" target=\"_blank\" title=\"Civil Liability and Compensation for Damage\">Civil Liability and Compensation for Damage<\/a><\/h4>\n\t<div class=\"wpb_text_column wpb_content_element  vc_custom_1644105229623\" >\n\t\t<div class=\"wpb_wrapper\">\n\t\t\t<p style=\"text-align: center;\">All damages arising from unlawful acts caused by third parties or as a result of breach of an obligation or a contract.<\/p>\n\n\t\t<\/div>\n\t<\/div>\n<\/div><\/div><\/div><div class=\"wpb_animate_when_almost_visible wpb_fadeInUp fadeInUp wpb_column vc_column_container vc_col-sm-4 vc_col-has-fill\"><div class=\"vc_column-inner vc_custom_1535441273754\"><div class=\"wpb_wrapper\">\n\t<div  class=\"wpb_single_image wpb_content_element vc_align_center  vc_custom_1643838941832\">\n\t\t\n\t\t<figure class=\"wpb_wrapper vc_figure\">\n\t\t\t<div class=\"vc_single_image-wrapper   vc_box_border_grey\"><img loading=\"lazy\" decoding=\"async\" width=\"90\" height=\"90\" src=\"https:\/\/mustafajlawfirm.com\/wp-content\/uploads\/2018\/08\/Home-1-Legal-Issue-Icon.png\" class=\"vc_single_image-img attachment-full\" alt=\"Home-1-Legal-Issue-Icon\" \/><\/div>\n\t\t<\/figure>\n\t<\/div>\n<h4 style=\"font-size: 25px;line-height: 35px;text-align: center\" class=\"vc_custom_heading vc_custom_1644105277456\" ><a href=\"https:\/\/mustafajlawfirm.com\/en\/practice-areas\/e-drejta-e-pronesise-intelektuale\/\" target=\"_blank\" title=\"Intellectual Property Law\">Intellectual Property Law<\/a><\/h4>\n\t<div class=\"wpb_text_column wpb_content_element  vc_custom_1644105395114\" >\n\t\t<div class=\"wpb_wrapper\">\n\t\t\t<p style=\"text-align: center;\">Specializing in Intellectual Property Law offers an integrated service, both advisory and judicial assistance on copyrights.<\/p>\n\n\t\t<\/div>\n\t<\/div>\n<\/div><\/div><\/div><\/div><div class=\"vc_row-full-width vc_clearfix\"><\/div><div data-vc-full-width=\"true\" data-vc-full-width-init=\"false\" class=\"vc_row wpb_row vc_row-fluid wpb_animate_when_almost_visible wpb_fadeInUp fadeInUp vc_custom_1644102499578 vc_column-gap-30 vc_row-o-equal-height vc_row-flex\"><div class=\"wpb_animate_when_almost_visible wpb_fadeInUp fadeInUp wpb_column vc_column_container vc_col-sm-4 vc_col-has-fill\"><div class=\"vc_column-inner vc_custom_1535441260836\"><div class=\"wpb_wrapper\">\n\t<div  class=\"wpb_single_image wpb_content_element vc_align_center  vc_custom_1643839080059\">\n\t\t\n\t\t<figure class=\"wpb_wrapper vc_figure\">\n\t\t\t<div class=\"vc_single_image-wrapper   vc_box_border_grey\"><img loading=\"lazy\" decoding=\"async\" width=\"80\" height=\"80\" src=\"https:\/\/mustafajlawfirm.com\/wp-content\/uploads\/2018\/08\/REPUTATION-Icon.png\" class=\"vc_single_image-img attachment-full\" alt=\"REPUTATION-Icon\" \/><\/div>\n\t\t<\/figure>\n\t<\/div>\n<h4 style=\"font-size: 25px;line-height: 35px;text-align: center\" class=\"vc_custom_heading vc_custom_1644105830648\" ><a href=\"https:\/\/mustafajlawfirm.com\/en\/practice-areas\/e-drejta-administrative\/\" target=\"_blank\" title=\"Administrative Law\">Administrative Law<\/a><\/h4>\n\t<div class=\"wpb_text_column wpb_content_element  vc_custom_1644105860100\" >\n\t\t<div class=\"wpb_wrapper\">\n\t\t\t<p style=\"text-align: center;\">It provides strategic advice for all public administration activities and consultancy in all regulated sectors.<\/p>\n\n\t\t<\/div>\n\t<\/div>\n<\/div><\/div><\/div><div class=\"wpb_animate_when_almost_visible wpb_fadeInUp fadeInUp wpb_column vc_column_container vc_col-sm-4 vc_col-has-fill\"><div class=\"vc_column-inner vc_custom_1535451629320\"><div class=\"wpb_wrapper\">\n\t<div  class=\"wpb_single_image wpb_content_element vc_align_center  vc_custom_1643839033954\">\n\t\t\n\t\t<figure class=\"wpb_wrapper vc_figure\">\n\t\t\t<div class=\"vc_single_image-wrapper   vc_box_border_grey\"><img loading=\"lazy\" decoding=\"async\" width=\"80\" height=\"80\" src=\"https:\/\/mustafajlawfirm.com\/wp-content\/uploads\/2018\/06\/Risk-Assurance-Icon.png\" class=\"vc_single_image-img attachment-full\" alt=\"Risk-Assurance-Icon\" \/><\/div>\n\t\t<\/figure>\n\t<\/div>\n<h4 style=\"font-size: 25px;line-height: 35px;text-align: center\" class=\"vc_custom_heading vc_custom_1644105885886\" ><a href=\"https:\/\/mustafajlawfirm.com\/en\/practice-areas\/e-drejta-penale\/\" target=\"_blank\" title=\"Penal Law\">Penal Law<\/a><\/h4>\n\t<div class=\"wpb_text_column wpb_content_element  vc_custom_1644105921856\" >\n\t\t<div class=\"wpb_wrapper\">\n\t\t\t<p style=\"text-align: center;\">Offers a wide range of legal services in the main criminal law areas, both in court and out-of-court.<\/p>\n\n\t\t<\/div>\n\t<\/div>\n<\/div><\/div><\/div><div class=\"wpb_animate_when_almost_visible wpb_fadeInUp fadeInUp wpb_column vc_column_container vc_col-sm-4 vc_col-has-fill\"><div class=\"vc_column-inner vc_custom_1535441273754\"><div class=\"wpb_wrapper\">\n\t<div  class=\"wpb_single_image wpb_content_element vc_align_center  vc_custom_1643839013652\">\n\t\t\n\t\t<figure class=\"wpb_wrapper vc_figure\">\n\t\t\t<div class=\"vc_single_image-wrapper   vc_box_border_grey\"><img loading=\"lazy\" decoding=\"async\" width=\"90\" height=\"90\" src=\"https:\/\/mustafajlawfirm.com\/wp-content\/uploads\/2018\/08\/Education-Law-Icon-2.png\" class=\"vc_single_image-img attachment-full\" alt=\"Education-Law-Icon\" \/><\/div>\n\t\t<\/figure>\n\t<\/div>\n<h4 style=\"font-size: 25px;line-height: 35px;text-align: center\" class=\"vc_custom_heading vc_custom_1644107938068\" ><a href=\"https:\/\/mustafajlawfirm.com\/en\/practice-areas\/kurse-te-formimit-juridik\/\" target=\"_blank\" title=\"Legal Training Courses\">Legal Training Courses<\/a><\/h4>\n\t<div class=\"wpb_text_column wpb_content_element  vc_custom_1644105973523\" >\n\t\t<div class=\"wpb_wrapper\">\n\t\t\t<p style=\"text-align: center;\">Offers professional training courses in the field of private law, civil procedure law, criminal law, criminal procedure law etc.<\/p>\n\n\t\t<\/div>\n\t<\/div>\n<\/div><\/div><\/div><\/div><div class=\"vc_row-full-width vc_clearfix\"><\/div><\/section><div class=\"vc_row-full-width vc_clearfix\"><\/div>","protected":false},"excerpt":{"rendered":"Kompetenca e lart\u00eb profesionale, etika, komunikimi, integriteti dhe besnik\u00ebria jan\u00eb karakteristikat q\u00eb na dallojn\u00eb. Studio Ligjore Mustafaj karakterizohet nga standarte shum\u00eb t\u00eb larta t\u00eb ofruara n\u00eb asistenc\u00ebn dhe mbrojtjen, n\u00eb \u00e7do gjendje dhe shkall\u00eb gjykimi p\u00ebrpara \u00e7do organi gjyq\u00ebsor, t\u00eb zakonsh\u00ebm apo t\u00eb posa\u00e7\u00ebm, civil, administrativ, apo penal. E DREJTE CIVILEE DREJTE ADMINISTRATIVEE DREJTE PENALEKURSE [...]","protected":false},"author":1,"featured_media":0,"parent":0,"menu_order":0,"comment_status":"closed","ping_status":"closed","template":"","meta":{"footnotes":""},"class_list":["post-8027","page","type-page","status-publish","hentry"],"aioseo_notices":[],"_links":{"self":[{"href":"https:\/\/mustafajlawfirm.com\/en\/wp-json\/wp\/v2\/pages\/8027","targetHints":{"allow":["GET"]}}],"collection":[{"href":"https:\/\/mustafajlawfirm.com\/en\/wp-json\/wp\/v2\/pages"}],"about":[{"href":"https:\/\/mustafajlawfirm.com\/en\/wp-json\/wp\/v2\/types\/page"}],"author":[{"embeddable":true,"href":"https:\/\/mustafajlawfirm.com\/en\/wp-json\/wp\/v2\/users\/1"}],"replies":[{"embeddable":true,"href":"https:\/\/mustafajlawfirm.com\/en\/wp-json\/wp\/v2\/comments?post=8027"}],"version-history":[{"count":52,"href":"https:\/\/mustafajlawfirm.com\/en\/wp-json\/wp\/v2\/pages\/8027\/revisions"}],"predecessor-version":[{"id":8798,"href":"https:\/\/mustafajlawfirm.com\/en\/wp-json\/wp\/v2\/pages\/8027\/revisions\/8798"}],"wp:attachment":[{"href":"https:\/\/mustafajlawfirm.com\/en\/wp-json\/wp\/v2\/media?parent=8027"}],"curies":[{"name":"wp","href":"https:\/\/api.w.org\/{rel}","templated":true}]}}