{"id":1925,"date":"2018-06-07T06:40:19","date_gmt":"2018-06-07T06:40:19","guid":{"rendered":"https:\/\/lawcounsel.radiantthemes.com\/\/?page_id=1925"},"modified":"2026-01-03T18:32:00","modified_gmt":"2026-01-03T18:32:00","slug":"kontakt","status":"publish","type":"page","link":"https:\/\/mustafajlawfirm.com\/en\/kontakt\/","title":{"rendered":"Contact Us"},"content":{"rendered":"<div class=\"vc_row wpb_row vc_row-fluid\"><div class=\"wpb_column vc_column_container vc_col-sm-12\"><div class=\"vc_column-inner\"><div class=\"wpb_wrapper\"><div class=\"vc_empty_space\"   style=\"height: 80px\"><span class=\"vc_empty_space_inner\"><\/span><\/div><\/div><\/div><\/div><\/div><div class=\"vc_row wpb_row vc_row-fluid vc_custom_1642539908145 vc_column-gap-25\"><div class=\"wpb_column vc_column_container vc_col-sm-6 vc_col-has-fill\"><div class=\"vc_column-inner vc_custom_1528096262393\"><div class=\"wpb_wrapper\"><h2 style=\"font-size: 28px;line-height: 35px;text-align: center\" class=\"vc_custom_heading vc_custom_1642539547487\" >We love to hear from you!<\/h2>\n\t<div class=\"wpb_text_column wpb_content_element  vc_custom_1642961078106\" >\n\t\t<div class=\"wpb_wrapper\">\n\t\t\t<p style=\"text-align: center;\">Please call or email us.<\/p>\n\n\t\t<\/div>\n\t<\/div>\n<div class=\"vc_row wpb_row vc_inner vc_row-fluid vc_custom_1527923565811\"><div class=\"wpb_column vc_column_container vc_col-sm-7\"><div class=\"vc_column-inner\"><div class=\"wpb_wrapper\">\n\t<div class=\"wpb_text_column wpb_content_element  vc_custom_1642109852857 contact-info-custom\" >\n\t\t<div class=\"wpb_wrapper\">\n\t\t\t<p><strong>Address:<\/strong> Street \u201cVaso Pasha\u201d nr. 7<\/p>\n\n\t\t<\/div>\n\t<\/div>\n\n\t<div class=\"wpb_text_column wpb_content_element  vc_custom_1767465110405 contact-info-custom\" >\n\t\t<div class=\"wpb_wrapper\">\n\t\t\t<p><strong>Tel:<\/strong> <a href=\"tel:+355695350010\">+355695735031<\/a><\/p>\n\n\t\t<\/div>\n\t<\/div>\n\n\t<div class=\"wpb_text_column wpb_content_element  vc_custom_1642538925231 contact-info-custom\" >\n\t\t<div class=\"wpb_wrapper\">\n\t\t\t<p><strong>Email:<\/strong> <a href=\"mailto:info@mustafajlawfirm.com\">info@mustafajlawfirm.com<\/a><\/p>\n\n\t\t<\/div>\n\t<\/div>\n<\/div><\/div><\/div><\/div><\/div><\/div><\/div><div class=\"wpb_column vc_column_container vc_col-sm-6\"><div class=\"vc_column-inner vc_custom_1528354172457\"><div class=\"wpb_wrapper\"><div class=\"wpb_gmaps_widget wpb_content_element vc_custom_1642538627819 map\"><div class=\"wpb_wrapper\"><div class=\"wpb_map_wraper\"><iframe src=\"https:\/\/www.google.com\/maps\/embed?pb=!1m18!1m12!1m3!1d2996.4649580590926!2d19.81392321456981!3d41.32050180810335!2m3!1f0!2f0!3f0!3m2!1i1024!2i768!4f13.1!3m3!1m2!1s0x13503102fef09017%3A0x9227bd2b13f139b3!2sRruga%20Vaso%20Pasha%2C%20Tiran%C3%AB%2C%20Shqip%C3%ABria!5e0!3m2!1ssq!2snl!4v1642538540887!5m2!1ssq!2snl\" width=\"600\" height=\"450\" style=\"border:0;\" allowfullscreen=\"\" loading=\"lazy\"><\/iframe><\/div><\/div><\/div><\/div><\/div><\/div><\/div>","protected":false},"excerpt":{"rendered":"Jemi t\u00eb lumtur t'ju ndihmojm\u00eb! Ju lutemi telefononi ose d\u00ebrgoni email n\u00eb adres\u00ebn e m\u00ebposhtme. Adresa: Rruga \"Vaso Pasha\" nr 7 Tel: +355695735031 Email: info@mustafajlawfirm.com","protected":false},"author":1,"featured_media":0,"parent":0,"menu_order":0,"comment_status":"closed","ping_status":"closed","template":"","meta":{"footnotes":""},"class_list":["post-1925","page","type-page","status-publish","hentry"],"aioseo_notices":[],"_links":{"self":[{"href":"https:\/\/mustafajlawfirm.com\/en\/wp-json\/wp\/v2\/pages\/1925","targetHints":{"allow":["GET"]}}],"collection":[{"href":"https:\/\/mustafajlawfirm.com\/en\/wp-json\/wp\/v2\/pages"}],"about":[{"href":"https:\/\/mustafajlawfirm.com\/en\/wp-json\/wp\/v2\/types\/page"}],"author":[{"embeddable":true,"href":"https:\/\/mustafajlawfirm.com\/en\/wp-json\/wp\/v2\/users\/1"}],"replies":[{"embeddable":true,"href":"https:\/\/mustafajlawfirm.com\/en\/wp-json\/wp\/v2\/comments?post=1925"}],"version-history":[{"count":20,"href":"https:\/\/mustafajlawfirm.com\/en\/wp-json\/wp\/v2\/pages\/1925\/revisions"}],"predecessor-version":[{"id":8721,"href":"https:\/\/mustafajlawfirm.com\/en\/wp-json\/wp\/v2\/pages\/1925\/revisions\/8721"}],"wp:attachment":[{"href":"https:\/\/mustafajlawfirm.com\/en\/wp-json\/wp\/v2\/media?parent=1925"}],"curies":[{"name":"wp","href":"https:\/\/api.w.org\/{rel}","templated":true}]}}